{"id":478,"date":"2018-12-28T17:12:42","date_gmt":"2018-12-28T16:12:42","guid":{"rendered":"https:\/\/www.meblegdanskie.pl\/sklep\/?post_type=product&#038;p=478"},"modified":"2025-06-26T08:39:21","modified_gmt":"2025-06-26T06:39:21","slug":"przepiekny-mebel-z-polskiej-manufaktury-prawdziwe-dzielo-sztuki","status":"publish","type":"product","link":"https:\/\/www.meblegdanskie.pl\/sklep\/mebs\/przepiekny-mebel-z-polskiej-manufaktury-prawdziwe-dzielo-sztuki\/","title":{"rendered":"Przepi\u0119kny mebel z polskiej manufaktury prawdziwe dzie\u0142o sztuki"},"content":{"rendered":"<p>Zobacz film &#8211; <a href=\"https:\/\/youtu.be\/W64F_CgWYwY\">https:\/\/youtu.be\/W64F_CgWYwY<\/a><\/p>\n<p>Wi\u0119cej naszych mebli na <a href=\"https:\/\/www.meblegdanskie.pl\/galeria.php\">https:\/\/meblegdanskie.pl\/galeria.php<\/a><\/p>\n<p>Istniej\u0105 meble, kt\u00f3re \u2013 dos\u0142ownie, a w nie w przeno\u015bni \u2013 kr\u00f3luj\u0105 w salonach lub jadalniach. Staj\u0105 si\u0119 najwi\u0119ksz\u0105 ozdob\u0105 przestronnych wn\u0119trz, a inne elementy wyposa\u017cenia nie s\u0105 w stanie z nimi konkurowa\u0107. I cho\u0107 pe\u0142ni\u0119 swego uroku rozwijaj\u0105 w otoczeniu \u201ekrewnych\u201d z tego samego kompletu meblowego, to jednak w\u0142a\u015bnie one skupiaj\u0105 na sobie pe\u0142ne zachwytu spojrzenia. R\u0119cznie rze\u017abiony kredens nale\u017cy do takich w\u0142a\u015bnie mebli. To snycerskie arcydzie\u0142o powsta\u0142o wed\u0142ug projektu przemy\u015blanego od pocz\u0105tku do ko\u0144ca. Indywidualny rysunek przenie\u015bli\u015bmy nast\u0119pnie na drewniany surowiec dok\u0142adnie wed\u0142ug szkic\u00f3w i rze\u017abili\u015bmy d\u0142utem przez wiele tygodni. Efekt wart jest jednak ka\u017cdej pracy!<\/p>\n<p>G\u00f3rn\u0105 cz\u0119\u015b\u0107 kredensu wie\u0144czy ornament z li\u015bci akantu spi\u0119tych podobizn\u0105 g\u0142owy Posejdona. To uk\u0142on w stron\u0119 stylu gda\u0144skiego. Poni\u017cej, pod ma\u0142\u0105 p\u00f3\u0142eczk\u0105, znajduje si\u0119 wn\u0119ka z kryszta\u0142owym lustrem, o\u017cywiaj\u0105cym bry\u0142\u0119 stylowego mebla. Dodajmy, \u017ce p\u00f3\u0142k\u0119 podtrzymuj\u0105 dwa miniaturowe putta w pe\u0142nych wdzi\u0119ku pozach. Poni\u017cej, pod blatem dekorowanym li\u015b\u0107mi akantu, ukryta zosta\u0142a szuflada z frontem o podobnym, floralnym ornamencie. Centraln\u0105 cz\u0119\u015b\u0107 kredensu zajmuje g\u0142\u0119boka szafka z efektownymi zdobieniami na froncie oraz przeszkleniem, otoczonym fantazyjnymi, kasetonowymi rze\u017abieniami. Otaczaj\u0105ce j\u0105 pilastry pokryte zosta\u0142y snycerk\u0105 z motywami girland kwiat\u00f3w, owoc\u00f3w, szarf oraz stylizowanych muszli. W dolnej cz\u0119\u015bci mebla znajduje si\u0119 jeszcze jedna, wi\u0119ksza szuflada o nieco skromniejszych dekoracjach.<\/p>\n<p>W kompozycji rze\u017abionego kredensu dominuj\u0105 dwie, pot\u0119\u017cne figury si\u0142aczy, podtrzymuj\u0105cych blat. Niemal identycznie wykonane rze\u017aby podkre\u015blaj\u0105 symetri\u0119 projektu. Stanowi\u0105 te\u017c doskona\u0142\u0105 przeciwwag\u0119 dla delikatniejszych, drobniejszych rze\u017abie\u0144 pokrywaj\u0105cych front mebla. Si\u0142acze kl\u0119cz\u0105 na postumentach, przyozdobionych kwiatami i szarfami.<\/p>\n<p>Wykonanie projektu tej klasy mo\u017cliwe by\u0142o jedynie przy zastosowaniu tradycyjnych metod r\u0119kodzie\u0142a. Wprawna ludzka d\u0142o\u0144 jest narz\u0119dziem doskonalszym i precyzyjniejszym ni\u017c jakiekolwiek wsp\u00f3\u0142czesne narz\u0119dzia i jedynym, kt\u00f3re sprawia, \u017ce gotowy wyr\u00f3b ma niepowtarzalny charakter. Nie istniej\u0105 na \u015bwiecie dwie identyczne rze\u017aby, ka\u017cda z nich pozostaje na zawsze unikalna niczym odcisk palca jej tw\u00f3rcy. \u015alady poci\u0105gni\u0119\u0107 d\u0142uta, cho\u0107 wyg\u0142adzone przed malowaniem kredensu, pozosta\u0142y na drewnie. Wida\u0107 je z bliska. Wraz z unikaln\u0105 faktur\u0105 drewnianego surowca stanowi\u0105 najbardziej niezwyk\u0142\u0105, bo naturaln\u0105 ozdob\u0119 Mebli MebS\u2026<\/p>\n","protected":false},"excerpt":{"rendered":"<p>Zobacz film &#8211; <a href=\"https:\/\/youtu.be\/W64F_CgWYwY\">https:\/\/youtu.be\/W64F_CgWYwY<\/a><\/p>\n<p>Imponuj\u0105cy kredens komoda z dwiema du\u017cymi figurami podtrzymuj\u0105cymi blat oraz wstawk\u0105 z kryszta\u0142owego lustra. Pokryty r\u0119cznie wykonanymi dekoracjami snycerskimi. Wi\u0119cej naszych mebli na <a href=\"http:\/\/meblegdanskie.pl\/galeria.php\">https:\/\/meblegdanskie.pl\/galeria.php<\/a><\/p>\n","protected":false},"featured_media":480,"template":"","meta":[],"jetpack_publicize_connections":[],"yoast_head":"<!-- This site is optimized with the Yoast SEO plugin v15.9.2 - https:\/\/yoast.com\/wordpress\/plugins\/seo\/ -->\n<title>Przepi\u0119kny mebel z polskiej manufaktury prawdziwe dzie\u0142o sztuki<\/title>\n<meta name=\"description\" content=\"Istniej\u0105 unikatowe meble, kt\u00f3re \u2013 dos\u0142ownie, a w nie w przeno\u015bni \u2013 kr\u00f3luj\u0105 w salonach lub jadalniach. Staj\u0105 si\u0119 najwi\u0119ksz\u0105 ozdob\u0105 przestronnych wn\u0119trz, a inne elementy wyposa\u017cenia nie s\u0105 w stanie z nimi konkurowa\u0107.\" \/>\n<link rel=\"canonical\" href=\"https:\/\/www.meblegdanskie.pl\/sklep\/mebs\/przepiekny-mebel-z-polskiej-manufaktury-prawdziwe-dzielo-sztuki\/\" \/>\n<meta property=\"og:locale\" content=\"pl_PL\" \/>\n<meta property=\"og:type\" content=\"article\" \/>\n<meta property=\"og:title\" content=\"Przepi\u0119kny mebel z polskiej manufaktury prawdziwe dzie\u0142o sztuki\" \/>\n<meta property=\"og:description\" content=\"Istniej\u0105 unikatowe meble, kt\u00f3re \u2013 dos\u0142ownie, a w nie w przeno\u015bni \u2013 kr\u00f3luj\u0105 w salonach lub jadalniach. Staj\u0105 si\u0119 najwi\u0119ksz\u0105 ozdob\u0105 przestronnych wn\u0119trz, a inne elementy wyposa\u017cenia nie s\u0105 w stanie z nimi konkurowa\u0107.\" \/>\n<meta property=\"og:url\" content=\"https:\/\/www.meblegdanskie.pl\/sklep\/mebs\/przepiekny-mebel-z-polskiej-manufaktury-prawdziwe-dzielo-sztuki\/\" \/>\n<meta property=\"og:site_name\" content=\"MebS \/ MEBLE GDA\u0143SKIE - Pracownia Rze\u017abiarska\" \/>\n<meta property=\"article:modified_time\" content=\"2025-06-26T06:39:21+00:00\" \/>\n<meta property=\"og:image\" content=\"https:\/\/www.meblegdanskie.pl\/sklep\/wp-content\/uploads\/2018\/12\/unikatowe-dziela-sztuki.png\" \/>\n\t<meta property=\"og:image:width\" content=\"900\" \/>\n\t<meta property=\"og:image:height\" content=\"500\" \/>\n<meta name=\"twitter:card\" content=\"summary_large_image\" \/>\n<meta name=\"twitter:label1\" content=\"Est. reading time\">\n\t<meta name=\"twitter:data1\" content=\"2 minuty\">\n<script type=\"application\/ld+json\" class=\"yoast-schema-graph\">{\"@context\":\"https:\/\/schema.org\",\"@graph\":[{\"@type\":\"WebSite\",\"@id\":\"https:\/\/www.meblegdanskie.pl\/sklep\/#website\",\"url\":\"https:\/\/www.meblegdanskie.pl\/sklep\/\",\"name\":\"MebS \/ MEBLE GDA\\u0143SKIE - Pracownia Rze\\u017abiarska\",\"description\":\"Stylowe meble gda\\u0144skie rze\\u017abione r\\u0119cznie\",\"potentialAction\":[{\"@type\":\"SearchAction\",\"target\":\"https:\/\/www.meblegdanskie.pl\/sklep\/?s={search_term_string}\",\"query-input\":\"required name=search_term_string\"}],\"inLanguage\":\"pl-PL\"},{\"@type\":\"ImageObject\",\"@id\":\"https:\/\/www.meblegdanskie.pl\/sklep\/mebs\/przepiekny-mebel-z-polskiej-manufaktury-prawdziwe-dzielo-sztuki\/#primaryimage\",\"inLanguage\":\"pl-PL\",\"url\":\"https:\/\/www.meblegdanskie.pl\/sklep\/wp-content\/uploads\/2018\/12\/unikatowe-dziela-sztuki.png\",\"width\":900,\"height\":500,\"caption\":\"Rzemios\\u0142o artystyczne\"},{\"@type\":\"WebPage\",\"@id\":\"https:\/\/www.meblegdanskie.pl\/sklep\/mebs\/przepiekny-mebel-z-polskiej-manufaktury-prawdziwe-dzielo-sztuki\/#webpage\",\"url\":\"https:\/\/www.meblegdanskie.pl\/sklep\/mebs\/przepiekny-mebel-z-polskiej-manufaktury-prawdziwe-dzielo-sztuki\/\",\"name\":\"Przepi\\u0119kny mebel z polskiej manufaktury prawdziwe dzie\\u0142o sztuki\",\"isPartOf\":{\"@id\":\"https:\/\/www.meblegdanskie.pl\/sklep\/#website\"},\"primaryImageOfPage\":{\"@id\":\"https:\/\/www.meblegdanskie.pl\/sklep\/mebs\/przepiekny-mebel-z-polskiej-manufaktury-prawdziwe-dzielo-sztuki\/#primaryimage\"},\"datePublished\":\"2018-12-28T16:12:42+00:00\",\"dateModified\":\"2025-06-26T06:39:21+00:00\",\"description\":\"Istniej\\u0105 unikatowe meble, kt\\u00f3re \\u2013 dos\\u0142ownie, a w nie w przeno\\u015bni \\u2013 kr\\u00f3luj\\u0105 w salonach lub jadalniach. Staj\\u0105 si\\u0119 najwi\\u0119ksz\\u0105 ozdob\\u0105 przestronnych wn\\u0119trz, a inne elementy wyposa\\u017cenia nie s\\u0105 w stanie z nimi konkurowa\\u0107.\",\"breadcrumb\":{\"@id\":\"https:\/\/www.meblegdanskie.pl\/sklep\/mebs\/przepiekny-mebel-z-polskiej-manufaktury-prawdziwe-dzielo-sztuki\/#breadcrumb\"},\"inLanguage\":\"pl-PL\",\"potentialAction\":[{\"@type\":\"ReadAction\",\"target\":[\"https:\/\/www.meblegdanskie.pl\/sklep\/mebs\/przepiekny-mebel-z-polskiej-manufaktury-prawdziwe-dzielo-sztuki\/\"]}]},{\"@type\":\"BreadcrumbList\",\"@id\":\"https:\/\/www.meblegdanskie.pl\/sklep\/mebs\/przepiekny-mebel-z-polskiej-manufaktury-prawdziwe-dzielo-sztuki\/#breadcrumb\",\"itemListElement\":[{\"@type\":\"ListItem\",\"position\":1,\"item\":{\"@type\":\"WebPage\",\"@id\":\"https:\/\/www.meblegdanskie.pl\/sklep\/\",\"url\":\"https:\/\/www.meblegdanskie.pl\/sklep\/\",\"name\":\"Strona g\\u0142\\u00f3wna\"}},{\"@type\":\"ListItem\",\"position\":2,\"item\":{\"@type\":\"WebPage\",\"@id\":\"https:\/\/www.meblegdanskie.pl\/sklep\/\",\"url\":\"https:\/\/www.meblegdanskie.pl\/sklep\/\",\"name\":\"Stylowe meble &#8211; czyli jak tworzymy z Pasj\\u0105\"}},{\"@type\":\"ListItem\",\"position\":3,\"item\":{\"@type\":\"WebPage\",\"@id\":\"https:\/\/www.meblegdanskie.pl\/sklep\/mebs\/przepiekny-mebel-z-polskiej-manufaktury-prawdziwe-dzielo-sztuki\/\",\"url\":\"https:\/\/www.meblegdanskie.pl\/sklep\/mebs\/przepiekny-mebel-z-polskiej-manufaktury-prawdziwe-dzielo-sztuki\/\",\"name\":\"Przepi\\u0119kny mebel z polskiej manufaktury prawdziwe dzie\\u0142o sztuki\"}}]}]}<\/script>\n<!-- \/ Yoast SEO plugin. -->","_links":{"self":[{"href":"https:\/\/www.meblegdanskie.pl\/sklep\/wp-json\/wp\/v2\/product\/478"}],"collection":[{"href":"https:\/\/www.meblegdanskie.pl\/sklep\/wp-json\/wp\/v2\/product"}],"about":[{"href":"https:\/\/www.meblegdanskie.pl\/sklep\/wp-json\/wp\/v2\/types\/product"}],"wp:featuredmedia":[{"embeddable":true,"href":"https:\/\/www.meblegdanskie.pl\/sklep\/wp-json\/wp\/v2\/media\/480"}],"wp:attachment":[{"href":"https:\/\/www.meblegdanskie.pl\/sklep\/wp-json\/wp\/v2\/media?parent=478"}],"curies":[{"name":"wp","href":"https:\/\/api.w.org\/{rel}","templated":true}]}}