{"id":441,"date":"2018-05-14T07:18:34","date_gmt":"2018-05-14T05:18:34","guid":{"rendered":"https:\/\/www.meblegdanskie.pl\/sklep\/?post_type=product&#038;p=441"},"modified":"2025-06-26T08:42:09","modified_gmt":"2025-06-26T06:42:09","slug":"drogie-meble-skorzane-ekskluzywne-wnetrza","status":"publish","type":"product","link":"https:\/\/www.meblegdanskie.pl\/sklep\/mebs\/drogie-meble-skorzane-ekskluzywne-wnetrza\/","title":{"rendered":"Ekskluzywne rezydencje \/ Drogie meble sk\u00f3rzane"},"content":{"rendered":"<p><strong>LUKSUSOWE wn\u0119trza MEBLE SK\u00d3RZANE<\/strong><\/p>\n<p>Wi\u0119cej naszych mebli na <a href=\"http:\/\/meblegdanskie.pl\/galeria.php\">http:\/\/meblegdanskie.pl\/galeria.php<\/a><\/p>\n<p>R\u0119cznie rze\u017abiona \u0142awa to mebel w r\u00f3wnym stopniu praktyczny, co dekoracyjny. Mo\u017ce sta\u0107 si\u0119 g\u0142\u00f3wn\u0105 ozdob\u0105 ca\u0142ego pomieszczenia, albo te\u017c uzupe\u0142nieniem kompletu mebli gda\u0144skich. Sama w sobie jest niczym opowie\u015b\u0107 o historii snycerstwa; niczym esencja wszystkiego, co w stylu gda\u0144skim najpi\u0119kniejsze i najbardziej efektowne. Dopracowany w najdrobniejszych elementach projekt sta\u0142 si\u0119 ju\u017c klasycznym dzie\u0142em w dorobku Pracowni Mebli MebS. I cho\u0107 ka\u017cde indywidualne wykonanie minimalnie r\u00f3\u017cni si\u0119 od poprzedniego, mamy wszak do czynienia z owocami r\u0119cznej pracy, to \u0142awa gda\u0144ska z lwami pozostaje niezmiennie nasz\u0105 chlub\u0105, a dla Klient\u00f3w jest przedmiotem wprost wymarzonym do eleganckich dom\u00f3w, mieszka\u0144 albo biur.<\/p>\n<p>Najbardziej efektown\u0105 cz\u0119\u015bci\u0105 \u0142awy gda\u0144skiej s\u0105 niew\u0105tpliwie cztery du\u017ce figury lw\u00f3w, kt\u00f3re w tym projekcie zast\u0105pi\u0142y tradycyjne sto\u0142owe nogi. Musimy przyzna\u0107, \u017ce \u017cadne toczone warkocze nie mog\u0142yby w tym przypadku r\u00f3wna\u0107 si\u0119 z walorami dekoracyjnymi tych imponuj\u0105cych figur. Lwy wyeksponowali\u015bmy dodatkowo, sadzaj\u0105c je na postumentach, kt\u00f3re \u0142\u0105cz\u0105 si\u0119 trawersem zwie\u0144czonym rze\u017abion\u0105 szyszk\u0105. Nawet trawers uzyska\u0142 ozdobne gzymsy i unikalny kszta\u0142t, inspirowany gwiazd\u0105 lub tarcz\u0105 kwiatu.<\/p>\n<p>R\u00f3wnie misterny jest blat gda\u0144skiej \u0142awy. Ma on kszta\u0142t o\u015bmiok\u0105ta (ze \u201e\u015bci\u0119tymi\u201d naro\u017cnikami), zamiast klasycznego prostok\u0105ta. Zar\u00f3wno kraw\u0119d\u017a blatu, jak i ca\u0142a carga pod nim pokryte s\u0105 r\u0119cznie rze\u017abionymi dekoracjami z motyw\u00f3w ro\u015blinnych. Li\u015bcie akantu wzd\u0142u\u017c dolnej kraw\u0119dzi cargi s\u0105 a\u017curowe i wychodz\u0105 poza brzeg obiegaj\u0105cej \u0142aw\u0119 listwy. Otaczaj\u0105 one \u2013 niczym bogata rama \u2013 tarcz\u0119 herbow\u0105 Gda\u0144ska, bo i tego elementu nie mog\u0142oby w gda\u0144skim meblu zabrakn\u0105\u0107.<\/p>\n<p>\u0141awa z lwami wyrze\u017abiona zosta\u0142a w litym drewnie d\u0119bowym. To szlachetny i pi\u0119kny surowiec, ale jednocze\u015bnie bardzo trudny w obr\u00f3bce. W Pracowni Mebli MebS snycerze rze\u017abi\u0105 w d\u0119binie tradycyjnymi metodami, korzystaj\u0105c z d\u0142ut, pobijak\u00f3w, r\u0119cznych hebli. Dzi\u0119ki temu meble gda\u0144skie zyskuj\u0105 szczeg\u00f3ln\u0105 warto\u015b\u0107, poniewa\u017c s\u0105 niepowtarzalne. Nie spos\u00f3b powt\u00f3rzy\u0107 dok\u0142adnie ka\u017cdego ruchu r\u0119ki podczas wykonywania dzie\u0142a. R\u0119czne rze\u017abienie przes\u0105dza tak\u017ce o czasie wykonania \u0142awy. Odbiorcy tych wyrob\u00f3w nie maj\u0105 jednak w\u0105tpliwo\u015bci, \u017ce warto poczeka\u0107, tym bardziej, \u017ce gotowe dzie\u0142a b\u0119d\u0105 z ka\u017cdym rokiem zyskiwa\u0107 na warto\u015bci.<\/p>\n","protected":false},"excerpt":{"rendered":"<p><strong>Zestaw 3-2-1 + \u0142awa gda\u0144ska z lwami<\/strong> to ekskluzywny mebel do salonu, gabinetu, hotelowego foyer i innych reprezentacyjnych wn\u0119trz. Idealnie komponuje si\u0119 ze sk\u00f3rzanym zestawem wypoczynkowym. Wi\u0119cej naszych mebli na <a href=\"http:\/\/meblegdanskie.pl\/galeria.php\">http:\/\/meblegdanskie.pl\/galeria.php<\/a><\/p>\n","protected":false},"featured_media":443,"template":"","meta":[],"jetpack_publicize_connections":[],"yoast_head":"<!-- This site is optimized with the Yoast SEO plugin v15.9.2 - https:\/\/yoast.com\/wordpress\/plugins\/seo\/ -->\n<title>Ekskluzywne rezydencje \/ Drogie meble sk\u00f3rzane - MebS \/ MEBLE GDA\u0143SKIE - Pracownia Rze\u017abiarska<\/title>\n<meta name=\"description\" content=\"Luksusowe wn\u0119trza - meble sk\u00f3rzane dopracowane w najdrobniejszych elementach - ten projekt sta\u0142 si\u0119 ju\u017c klasycznym dzie\u0142em w dorobku Pracowni Mebli MebS.\" \/>\n<link rel=\"canonical\" href=\"https:\/\/www.meblegdanskie.pl\/sklep\/mebs\/drogie-meble-skorzane-ekskluzywne-wnetrza\/\" \/>\n<meta property=\"og:locale\" content=\"pl_PL\" \/>\n<meta property=\"og:type\" content=\"article\" \/>\n<meta property=\"og:title\" content=\"Ekskluzywne rezydencje \/ Drogie meble sk\u00f3rzane - MebS \/ MEBLE GDA\u0143SKIE - Pracownia Rze\u017abiarska\" \/>\n<meta property=\"og:description\" content=\"Luksusowe wn\u0119trza - meble sk\u00f3rzane dopracowane w najdrobniejszych elementach - ten projekt sta\u0142 si\u0119 ju\u017c klasycznym dzie\u0142em w dorobku Pracowni Mebli MebS.\" \/>\n<meta property=\"og:url\" content=\"https:\/\/www.meblegdanskie.pl\/sklep\/mebs\/drogie-meble-skorzane-ekskluzywne-wnetrza\/\" \/>\n<meta property=\"og:site_name\" content=\"MebS \/ MEBLE GDA\u0143SKIE - Pracownia Rze\u017abiarska\" \/>\n<meta property=\"article:modified_time\" content=\"2025-06-26T06:42:09+00:00\" \/>\n<meta property=\"og:image\" content=\"https:\/\/www.meblegdanskie.pl\/sklep\/wp-content\/uploads\/2018\/05\/meble-skorzane.jpg\" \/>\n\t<meta property=\"og:image:width\" content=\"900\" \/>\n\t<meta property=\"og:image:height\" content=\"511\" \/>\n<meta name=\"twitter:card\" content=\"summary_large_image\" \/>\n<meta name=\"twitter:label1\" content=\"Est. reading time\">\n\t<meta name=\"twitter:data1\" content=\"2 minuty\">\n<script type=\"application\/ld+json\" class=\"yoast-schema-graph\">{\"@context\":\"https:\/\/schema.org\",\"@graph\":[{\"@type\":\"WebSite\",\"@id\":\"https:\/\/www.meblegdanskie.pl\/sklep\/#website\",\"url\":\"https:\/\/www.meblegdanskie.pl\/sklep\/\",\"name\":\"MebS \/ MEBLE GDA\\u0143SKIE - Pracownia Rze\\u017abiarska\",\"description\":\"Stylowe meble gda\\u0144skie rze\\u017abione r\\u0119cznie\",\"potentialAction\":[{\"@type\":\"SearchAction\",\"target\":\"https:\/\/www.meblegdanskie.pl\/sklep\/?s={search_term_string}\",\"query-input\":\"required name=search_term_string\"}],\"inLanguage\":\"pl-PL\"},{\"@type\":\"ImageObject\",\"@id\":\"https:\/\/www.meblegdanskie.pl\/sklep\/mebs\/drogie-meble-skorzane-ekskluzywne-wnetrza\/#primaryimage\",\"inLanguage\":\"pl-PL\",\"url\":\"https:\/\/www.meblegdanskie.pl\/sklep\/wp-content\/uploads\/2018\/05\/meble-skorzane.jpg\",\"width\":900,\"height\":511,\"caption\":\"meble ze sk\\u00f3ry\"},{\"@type\":\"WebPage\",\"@id\":\"https:\/\/www.meblegdanskie.pl\/sklep\/mebs\/drogie-meble-skorzane-ekskluzywne-wnetrza\/#webpage\",\"url\":\"https:\/\/www.meblegdanskie.pl\/sklep\/mebs\/drogie-meble-skorzane-ekskluzywne-wnetrza\/\",\"name\":\"Ekskluzywne rezydencje \/ Drogie meble sk\\u00f3rzane - MebS \/ MEBLE GDA\\u0143SKIE - Pracownia Rze\\u017abiarska\",\"isPartOf\":{\"@id\":\"https:\/\/www.meblegdanskie.pl\/sklep\/#website\"},\"primaryImageOfPage\":{\"@id\":\"https:\/\/www.meblegdanskie.pl\/sklep\/mebs\/drogie-meble-skorzane-ekskluzywne-wnetrza\/#primaryimage\"},\"datePublished\":\"2018-05-14T05:18:34+00:00\",\"dateModified\":\"2025-06-26T06:42:09+00:00\",\"description\":\"Luksusowe wn\\u0119trza - meble sk\\u00f3rzane dopracowane w najdrobniejszych elementach - ten projekt sta\\u0142 si\\u0119 ju\\u017c klasycznym dzie\\u0142em w dorobku Pracowni Mebli MebS.\",\"breadcrumb\":{\"@id\":\"https:\/\/www.meblegdanskie.pl\/sklep\/mebs\/drogie-meble-skorzane-ekskluzywne-wnetrza\/#breadcrumb\"},\"inLanguage\":\"pl-PL\",\"potentialAction\":[{\"@type\":\"ReadAction\",\"target\":[\"https:\/\/www.meblegdanskie.pl\/sklep\/mebs\/drogie-meble-skorzane-ekskluzywne-wnetrza\/\"]}]},{\"@type\":\"BreadcrumbList\",\"@id\":\"https:\/\/www.meblegdanskie.pl\/sklep\/mebs\/drogie-meble-skorzane-ekskluzywne-wnetrza\/#breadcrumb\",\"itemListElement\":[{\"@type\":\"ListItem\",\"position\":1,\"item\":{\"@type\":\"WebPage\",\"@id\":\"https:\/\/www.meblegdanskie.pl\/sklep\/\",\"url\":\"https:\/\/www.meblegdanskie.pl\/sklep\/\",\"name\":\"Strona g\\u0142\\u00f3wna\"}},{\"@type\":\"ListItem\",\"position\":2,\"item\":{\"@type\":\"WebPage\",\"@id\":\"https:\/\/www.meblegdanskie.pl\/sklep\/\",\"url\":\"https:\/\/www.meblegdanskie.pl\/sklep\/\",\"name\":\"Stylowe meble &#8211; czyli jak tworzymy z Pasj\\u0105\"}},{\"@type\":\"ListItem\",\"position\":3,\"item\":{\"@type\":\"WebPage\",\"@id\":\"https:\/\/www.meblegdanskie.pl\/sklep\/mebs\/drogie-meble-skorzane-ekskluzywne-wnetrza\/\",\"url\":\"https:\/\/www.meblegdanskie.pl\/sklep\/mebs\/drogie-meble-skorzane-ekskluzywne-wnetrza\/\",\"name\":\"Ekskluzywne rezydencje \/ Drogie meble sk\\u00f3rzane\"}}]}]}<\/script>\n<!-- \/ Yoast SEO plugin. -->","_links":{"self":[{"href":"https:\/\/www.meblegdanskie.pl\/sklep\/wp-json\/wp\/v2\/product\/441"}],"collection":[{"href":"https:\/\/www.meblegdanskie.pl\/sklep\/wp-json\/wp\/v2\/product"}],"about":[{"href":"https:\/\/www.meblegdanskie.pl\/sklep\/wp-json\/wp\/v2\/types\/product"}],"wp:featuredmedia":[{"embeddable":true,"href":"https:\/\/www.meblegdanskie.pl\/sklep\/wp-json\/wp\/v2\/media\/443"}],"wp:attachment":[{"href":"https:\/\/www.meblegdanskie.pl\/sklep\/wp-json\/wp\/v2\/media?parent=441"}],"curies":[{"name":"wp","href":"https:\/\/api.w.org\/{rel}","templated":true}]}}