{"id":237,"date":"2018-03-06T20:25:50","date_gmt":"2018-03-06T19:25:50","guid":{"rendered":"https:\/\/www.meblegdanskie.pl\/sklep\/?post_type=product&#038;p=237"},"modified":"2025-06-26T08:47:42","modified_gmt":"2025-06-26T06:47:42","slug":"stylowy-wypoczynek-ludwik-styl","status":"publish","type":"product","link":"https:\/\/www.meblegdanskie.pl\/sklep\/mebs\/stylowy-wypoczynek-ludwik-styl\/","title":{"rendered":"Ekskluzywne meble tapicerowane do salonu \/ fotele LUDWIKOWSKIE"},"content":{"rendered":"<p><strong>STYLOWY WYPOCZYNEK<\/strong> &#8211; <a href=\"https:\/\/www.meblegdanskie.pl\/0,256,Ludwik.php\" target=\"_blank\" rel=\"noopener noreferrer\">zobacz wi\u0119cej<\/a><\/p>\n<p>Urz\u0105dzanie <a href=\"http:\/\/meblerzezbione.pl\/meble-mebs-w-salonie-city-meble\/607\" target=\"_blank\" rel=\"noopener noreferrer\">wn\u0119trza<\/a> z wykorzystaniem inspiracji historycznych jest ambitnym wyzwaniem, ale za to mo\u017ce przynie\u015b\u0107 naprawd\u0119 spektakularny efekt. W Pracowni Mebli MebS zach\u0119camy mi\u0142o\u015bnik\u00f3w pi\u0119knych wn\u0119trz do odwa\u017cnego eksperymentowania i \u0142\u0105czenia r\u00f3\u017cnych pomys\u0142\u00f3w, np. stylu prowansalskiego z rokokowymi dekoracjami. Sk\u00f3rzane fotele w stylu ludwikowskim to jedna z takich w\u0142a\u015bnie inspiracji, kt\u00f3re nigdy si\u0119 nie starzej\u0105. W kolejnych epokach powracaj\u0105, budz\u0105c niezmiennie zachwyt i pragnienie ich posiadania. Niegdy\u015b u swoich nadwornych rzemie\u015blnik\u00f3w zamawia\u0142 podobne meble Ludwik XV, kr\u00f3l Francji. Wsp\u00f3\u0142cze\u015bnie mo\u017cna poszukiwa\u0107 ich z trudem na rynku antykwarycznym lub\u2026 zam\u00f3wi\u0107 nowe, wykonywane na \u017cyczenie przez Pracowni\u0119 Mebli MebS. Ta druga mo\u017cliwo\u015b\u0107 ma dodatkow\u0105 zalet\u0119: stylowe fotele prezentuj\u0105 si\u0119 dok\u0142adnie tak, jak na poni\u017cszym zdj\u0119ciu. Zamawiaj\u0105cy otrzymuje wi\u0119c dok\u0142adnie to, czego oczekuje.<\/p>\n<p>Podstawowymi surowcami dla wytwarzania sk\u00f3rzanych mebli s\u0105 lite drewno i naturalna sk\u00f3ra. Tym, co wyr\u00f3\u017cnia projekt tych stylowych foteli, jest przepi\u0119kny uk\u0142ad linii. <a href=\"https:\/\/www.meblegdanskie.pl\/sklep\/mebs\/rzezba-w-drewnie\/\" target=\"_blank\" rel=\"noopener noreferrer\">R\u0119cznie rze\u017abiona<\/a>, drewniana konstrukcja, na kabriolowych n\u00f3\u017ckach ma finezyjn\u0105 form\u0119. \u0141agodnie wyprofilowane, zaokr\u0105glone zag\u0142\u00f3wki, efektownie wyko\u0144czone pod\u0142okietniki, szkielet o delikatnie wygi\u0119tych kraw\u0119dziach \u2013 to wszystko sprawia, \u017ce fotele w stylu ludwikowskim s\u0105 wizualnie lekkie, jakby dos\u0142ownie unosi\u0142y si\u0119 nad ziemi\u0105.<\/p>\n<p>Du\u017ce znaczenie dla odbioru projektu mebli ma ich kolor. Tutaj snycerze u\u017cyli jasnego lakieru w odcieniu ko\u015bci s\u0142oniowej. Jest przyjemny dla oka i niezwykle elegancki. W\u0142a\u015bnie dzi\u0119ki barwie te sk\u00f3rzane fotele rekomendujemy nie tylko do wn\u0119trz nawi\u0105zuj\u0105cych do historii, ale i do aran\u017cacji w stylu prowansalskim. Stworz\u0105 one bardzo przyjemn\u0105 atmosfer\u0119 w k\u0105ciku wypoczynkowym, salonie, sypialni albo pokoju dziennym. Natomiast zdobienie efektownymi z\u0142oceniami nadaje fotelom wygl\u0105d retro \u2013 niemal wprost przeniesiony z minionych stuleci.<\/p>\n<p>Fotele z kolekcji ludwikowskiej to nie tylko zachwycaj\u0105cy projekt, ale tak\u017ce niezwykle wygodne wyposa\u017cenie wn\u0119trza. Pikowana tapicerka z guzikami, wykonana z najwy\u017csz\u0105 staranno\u015bci\u0105, jest przyjemna w dotyku i komfortowa w u\u017cytkowaniu. To naturalna sk\u00f3ra o kolorze koresponduj\u0105cym z barw\u0105 drewnianej konstrukcji. W taki stylowy wypoczynek mo\u017cna z rozkosz\u0105 zapa\u015b\u0107 si\u0119 na d\u0142ugie godziny z ksi\u0105\u017ck\u0105 lub gazet\u0105 i fili\u017cank\u0105 herbaty.<\/p>\n<p><strong>Surowiec:<\/strong><\/p>\n<p>Lite drewno d\u0119bowe + sk\u00f3ra naturalna, siedzisko spr\u0119\u017cyna typu bonell + pianka wysokoelastyczna, oparcie pianka tapicerska<\/p>\n<p><strong>Kolor: <\/strong><\/p>\n<p>Ko\u015b\u0107 s\u0142oniowa ze z\u0142oceniami<\/p>\n<p><strong>Motywy dekoracyjne:<\/strong><\/p>\n<p>profilowania w stylu Ludwika XV<\/p>\n<p><strong>Wymiary:<\/strong><\/p>\n<p>Sofa I osobowa &#8211; wys. &#8211; 115 cm, d\u0142. &#8211; 85 cm szer. -85 cm<\/p>\n<p>Termin wykonania: 6-8 tygodni<\/p>\n","protected":false},"excerpt":{"rendered":"<p>Stylowe meble wypoczynkowe w stylu Ludwika XV, wykonane w ca\u0142o\u015bci r\u0119cznie. Wymarzone wyposa\u017cenie eleganckiego salonu albo sypialni w stylu buduarowym. Cena za 1 sztuk\u0119. Wi\u0119cej naszych mebli na <a href=\"https:\/\/meblegdanskie.pl\/nowosci.php\">https:\/\/meblegdanskie.pl\/nowosci.php<\/a><\/p>\n","protected":false},"featured_media":238,"template":"","meta":[],"jetpack_publicize_connections":[],"yoast_head":"<!-- This site is optimized with the Yoast SEO plugin v15.9.2 - https:\/\/yoast.com\/wordpress\/plugins\/seo\/ -->\n<title>Ekskluzywne meble tapicerowane do salonu \/ fotele LUDWIKOWSKIE - MebS \/ MEBLE GDA\u0143SKIE - Pracownia Rze\u017abiarska<\/title>\n<meta name=\"description\" content=\"Stylowe meble wypoczynkowe w stylu Ludwika XV, wykonane w ca\u0142o\u015bci r\u0119cznie. Wymarzone wyposa\u017cenie eleganckiego salonu albo sypialni w stylu buduarowym. W taki fotel mo\u017cna z rozkosz\u0105 zapa\u015b\u0107 si\u0119 na d\u0142ugie godziny z ksi\u0105\u017ck\u0105 lub gazet\u0105 i fili\u017cank\u0105 herbaty. Oto stylowy wypoczynek wg MebS\" \/>\n<link rel=\"canonical\" href=\"https:\/\/www.meblegdanskie.pl\/sklep\/mebs\/stylowy-wypoczynek-ludwik-styl\/\" \/>\n<meta property=\"og:locale\" content=\"pl_PL\" \/>\n<meta property=\"og:type\" content=\"article\" \/>\n<meta property=\"og:title\" content=\"Ekskluzywne meble tapicerowane do salonu \/ fotele LUDWIKOWSKIE - MebS \/ MEBLE GDA\u0143SKIE - Pracownia Rze\u017abiarska\" \/>\n<meta property=\"og:description\" content=\"Stylowe meble wypoczynkowe w stylu Ludwika XV, wykonane w ca\u0142o\u015bci r\u0119cznie. Wymarzone wyposa\u017cenie eleganckiego salonu albo sypialni w stylu buduarowym. W taki fotel mo\u017cna z rozkosz\u0105 zapa\u015b\u0107 si\u0119 na d\u0142ugie godziny z ksi\u0105\u017ck\u0105 lub gazet\u0105 i fili\u017cank\u0105 herbaty. Oto stylowy wypoczynek wg MebS\" \/>\n<meta property=\"og:url\" content=\"https:\/\/www.meblegdanskie.pl\/sklep\/mebs\/stylowy-wypoczynek-ludwik-styl\/\" \/>\n<meta property=\"og:site_name\" content=\"MebS \/ MEBLE GDA\u0143SKIE - Pracownia Rze\u017abiarska\" \/>\n<meta property=\"article:modified_time\" content=\"2025-06-26T06:47:42+00:00\" \/>\n<meta property=\"og:image\" content=\"https:\/\/www.meblegdanskie.pl\/sklep\/wp-content\/uploads\/2018\/03\/meble-prowansalskie.png\" \/>\n\t<meta property=\"og:image:width\" content=\"945\" \/>\n\t<meta property=\"og:image:height\" content=\"526\" \/>\n<meta name=\"twitter:card\" content=\"summary_large_image\" \/>\n<meta name=\"twitter:label1\" content=\"Est. reading time\">\n\t<meta name=\"twitter:data1\" content=\"2 minuty\">\n<script type=\"application\/ld+json\" class=\"yoast-schema-graph\">{\"@context\":\"https:\/\/schema.org\",\"@graph\":[{\"@type\":\"WebSite\",\"@id\":\"https:\/\/www.meblegdanskie.pl\/sklep\/#website\",\"url\":\"https:\/\/www.meblegdanskie.pl\/sklep\/\",\"name\":\"MebS \/ MEBLE GDA\\u0143SKIE - Pracownia Rze\\u017abiarska\",\"description\":\"Stylowe meble gda\\u0144skie rze\\u017abione r\\u0119cznie\",\"potentialAction\":[{\"@type\":\"SearchAction\",\"target\":\"https:\/\/www.meblegdanskie.pl\/sklep\/?s={search_term_string}\",\"query-input\":\"required name=search_term_string\"}],\"inLanguage\":\"pl-PL\"},{\"@type\":\"ImageObject\",\"@id\":\"https:\/\/www.meblegdanskie.pl\/sklep\/mebs\/stylowy-wypoczynek-ludwik-styl\/#primaryimage\",\"inLanguage\":\"pl-PL\",\"url\":\"https:\/\/www.meblegdanskie.pl\/sklep\/wp-content\/uploads\/2018\/03\/meble-prowansalskie.png\",\"width\":945,\"height\":526,\"caption\":\"wypoczynki w stylu ludwik\"},{\"@type\":\"WebPage\",\"@id\":\"https:\/\/www.meblegdanskie.pl\/sklep\/mebs\/stylowy-wypoczynek-ludwik-styl\/#webpage\",\"url\":\"https:\/\/www.meblegdanskie.pl\/sklep\/mebs\/stylowy-wypoczynek-ludwik-styl\/\",\"name\":\"Ekskluzywne meble tapicerowane do salonu \/ fotele LUDWIKOWSKIE - MebS \/ MEBLE GDA\\u0143SKIE - Pracownia Rze\\u017abiarska\",\"isPartOf\":{\"@id\":\"https:\/\/www.meblegdanskie.pl\/sklep\/#website\"},\"primaryImageOfPage\":{\"@id\":\"https:\/\/www.meblegdanskie.pl\/sklep\/mebs\/stylowy-wypoczynek-ludwik-styl\/#primaryimage\"},\"datePublished\":\"2018-03-06T19:25:50+00:00\",\"dateModified\":\"2025-06-26T06:47:42+00:00\",\"description\":\"Stylowe meble wypoczynkowe w stylu Ludwika XV, wykonane w ca\\u0142o\\u015bci r\\u0119cznie. Wymarzone wyposa\\u017cenie eleganckiego salonu albo sypialni w stylu buduarowym. W taki fotel mo\\u017cna z rozkosz\\u0105 zapa\\u015b\\u0107 si\\u0119 na d\\u0142ugie godziny z ksi\\u0105\\u017ck\\u0105 lub gazet\\u0105 i fili\\u017cank\\u0105 herbaty. Oto stylowy wypoczynek wg MebS\",\"breadcrumb\":{\"@id\":\"https:\/\/www.meblegdanskie.pl\/sklep\/mebs\/stylowy-wypoczynek-ludwik-styl\/#breadcrumb\"},\"inLanguage\":\"pl-PL\",\"potentialAction\":[{\"@type\":\"ReadAction\",\"target\":[\"https:\/\/www.meblegdanskie.pl\/sklep\/mebs\/stylowy-wypoczynek-ludwik-styl\/\"]}]},{\"@type\":\"BreadcrumbList\",\"@id\":\"https:\/\/www.meblegdanskie.pl\/sklep\/mebs\/stylowy-wypoczynek-ludwik-styl\/#breadcrumb\",\"itemListElement\":[{\"@type\":\"ListItem\",\"position\":1,\"item\":{\"@type\":\"WebPage\",\"@id\":\"https:\/\/www.meblegdanskie.pl\/sklep\/\",\"url\":\"https:\/\/www.meblegdanskie.pl\/sklep\/\",\"name\":\"Strona g\\u0142\\u00f3wna\"}},{\"@type\":\"ListItem\",\"position\":2,\"item\":{\"@type\":\"WebPage\",\"@id\":\"https:\/\/www.meblegdanskie.pl\/sklep\/\",\"url\":\"https:\/\/www.meblegdanskie.pl\/sklep\/\",\"name\":\"Stylowe meble &#8211; czyli jak tworzymy z Pasj\\u0105\"}},{\"@type\":\"ListItem\",\"position\":3,\"item\":{\"@type\":\"WebPage\",\"@id\":\"https:\/\/www.meblegdanskie.pl\/sklep\/mebs\/stylowy-wypoczynek-ludwik-styl\/\",\"url\":\"https:\/\/www.meblegdanskie.pl\/sklep\/mebs\/stylowy-wypoczynek-ludwik-styl\/\",\"name\":\"Ekskluzywne meble tapicerowane do salonu \/ fotele LUDWIKOWSKIE\"}}]}]}<\/script>\n<!-- \/ Yoast SEO plugin. -->","_links":{"self":[{"href":"https:\/\/www.meblegdanskie.pl\/sklep\/wp-json\/wp\/v2\/product\/237"}],"collection":[{"href":"https:\/\/www.meblegdanskie.pl\/sklep\/wp-json\/wp\/v2\/product"}],"about":[{"href":"https:\/\/www.meblegdanskie.pl\/sklep\/wp-json\/wp\/v2\/types\/product"}],"wp:featuredmedia":[{"embeddable":true,"href":"https:\/\/www.meblegdanskie.pl\/sklep\/wp-json\/wp\/v2\/media\/238"}],"wp:attachment":[{"href":"https:\/\/www.meblegdanskie.pl\/sklep\/wp-json\/wp\/v2\/media?parent=237"}],"curies":[{"name":"wp","href":"https:\/\/api.w.org\/{rel}","templated":true}]}}