{"id":229,"date":"2018-03-06T20:10:26","date_gmt":"2018-03-06T19:10:26","guid":{"rendered":"https:\/\/www.meblegdanskie.pl\/sklep\/?post_type=product&#038;p=229"},"modified":"2023-01-16T13:09:01","modified_gmt":"2023-01-16T12:09:01","slug":"rzezba-w-drewnie","status":"publish","type":"product","link":"https:\/\/www.meblegdanskie.pl\/sklep\/mebs\/rzezba-w-drewnie\/","title":{"rendered":"Rze\u017aba w drewnie &#8211; rze\u017abiarstwo \/ snycerstwo"},"content":{"rendered":"<p><strong>RZE\u0179BA W DREWNIE<\/strong> &#8211; <a href=\"https:\/\/www.meblegdanskie.pl\/galeria.php\" target=\"_blank\" rel=\"noopener noreferrer\">zobacz wi\u0119cej<\/a><\/p>\n<p>Us\u0142uga rze\u017abienia na zam\u00f3wienie skierowana jest do os\u00f3b, kt\u00f3re maj\u0105 odwag\u0119, by marzy\u0107 i marzenia te z rozmachem realizowa\u0107. W Pracowni Mebli MebS zawsze ch\u0119tnie podejmujemy si\u0119 nawet najtrudniejszych wyzwa\u0144. Jeste\u015bmy dumni z tego, \u017ce wszystkie osoby, kt\u00f3re pisa\u0142y do nas \u201ezlec\u0119 wykonanie rze\u017aby\u201d i opisywa\u0142y swoje wyobra\u017cenie, otrzymywa\u0142y odpowied\u017a \u201ez przyjemno\u015bci\u0105 si\u0119 tym zajmiemy\u201d. Dla mistrz\u00f3w z Pracowni nie istniej\u0105 tematy niewykonalne \u2013 odpowiednim nak\u0142adem pracy mo\u017cemy zrealizowa\u0107 ka\u017cdy pomys\u0142, o dowolnym przeznaczeniu. Trudno\u015b\u0107 techniczna nie stanowi \u017cadnej przeszkody. Jedyn\u0105 kwesti\u0105 do ustalenia pozostaje wy\u0142\u0105cznie czas realizacji. Najbardziej z\u0142o\u017cone rze\u017aby na zam\u00f3wienie, jakie dotychczas wykonywali\u015bmy, wymaga\u0142y od kilku do nawet kilkunastu miesi\u0119cy intensywnej pracy.<\/p>\n<p>Jakiego rodzaju dzie\u0142a mo\u017cemy wykona\u0107 w ramach us\u0142ug rze\u017abiarskich? Najcz\u0119\u015bciej s\u0105 to meble gda\u0144skie z portfolio Pracowni Mebli MebS, modyfikowane wed\u0142ug \u017cycze\u0144 mi\u0142o\u015bnik\u00f3w r\u0119kodzie\u0142a. Niejednokrotnie projektujemy ca\u0142y mebel od podstaw, wed\u0142ug zam\u00f3wienia. W\u00f3wczas to Klient mo\u017ce okre\u015bli\u0107 dok\u0142adnie, jakiego rodzaju ozdoby maj\u0105 si\u0119 znale\u017a\u0107 w projekcie i w kt\u00f3rych miejscach chcia\u0142by je widzie\u0107. Mo\u017ce r\u00f3wnie\u017c jedynie opowiedzie\u0107 nam o swoim pomy\u015ble i pozwoli\u0107 snycerzom na jego tw\u00f3rcz\u0105 interpretacj\u0119.<\/p>\n<p>Us\u0142uga snycerska czasem dotyczy jednak zupe\u0142nie innych element\u00f3w rze\u017abionych, ni\u017c meble. W ramach prac mo\u017cemy wykonywa\u0107 rze\u017abione prefabrykaty, kt\u00f3re zostan\u0105 p\u00f3\u017aniej w\u0142\u0105czone do innych, wi\u0119kszych projekt\u00f3w. Mo\u017cemy te\u017c stworzy\u0107 dowoln\u0105 rze\u017ab\u0119, p\u0142askorze\u017ab\u0119, obraz, przedmiot codziennego u\u017cytku. W <a href=\"http:\/\/meblerzezbione.pl\/snycerstwo-ostatni-mistrzowie-zanikajacej-profesji\/371\" target=\"_blank\" rel=\"noopener noreferrer\">pracowni rze\u017abiarskiej<\/a> wykonywali\u015bmy ju\u017c mi\u0119dzy innymi drzwi, a tak\u017ce panele do zabudowy lod\u00f3wek i spi\u017carek, wzbogacone snycerskimi dekoracjami.<\/p>\n<p>Pierwszym etapem realizacji us\u0142ugi rze\u017abiarza jest projektowanie wyrobu na kartce. Snycerze wykonuj\u0105 rysunki o\u0142\u00f3wkiem, r\u0119cznie. To doskona\u0142a okazja, by ustali\u0107 wszelkie szczeg\u00f3\u0142y i stworzy\u0107 wsp\u00f3ln\u0105 wizj\u0119 rze\u017aby, p\u0142askorze\u017aby albo innego rze\u017abionego elementu. Zamawiaj\u0105cy ma pe\u0142n\u0105 kontrol\u0119 nad powstaj\u0105cymi planami i mo\u017ce zg\u0142asza\u0107 do nich dowolne uwagi. Kiedy projekt jest ju\u017c gotowy, rze\u017abiarze przyst\u0119puj\u0105 do pracy. Wszystkie <a href=\"https:\/\/www.meblegdanskie.pl\/sklep\/mebs\/meble-mysliwskie-korona-rzezbiona\/\" target=\"_blank\" rel=\"noopener noreferrer\">wyroby snycerskie<\/a> wykonywane s\u0105 r\u0119cznie, przy pomocy tradycyjnych d\u0142ut. Na zako\u0144czenie gotowy wyr\u00f3b jest oczywi\u015bcie wyg\u0142adzany i polerowany papierem \u015bciernym, ale \u015blady d\u0142uta pozostaj\u0105 widoczne na zawsze. S\u0105 niepowtarzalne, jak podpis artysty pod uko\u0144czonym dzie\u0142em.<\/p>\n<p><strong>Podany koszt dotyczy 1 roboczogodziny<\/strong><br \/>\nSurowiec: dowolne drewno<br \/>\nKolor: dowolny<br \/>\nMotywy dekoracyjne: dowolne<br \/>\nWymiary: dowolne<\/p>\n","protected":false},"excerpt":{"rendered":"<p>Marzysz o rze\u017abie, stworzonej dok\u0142adnie wed\u0142ug Twojego pomys\u0142u? Mistrzowie snycerstwa z Pracowni Meli MebS zaprojektuj\u0105 i wykonaj\u0105 ka\u017cdy element rze\u017abiony, jakiego sobie za\u017cyczysz.<\/p>\n","protected":false},"featured_media":230,"template":"","meta":[],"jetpack_publicize_connections":[],"yoast_head":"<!-- This site is optimized with the Yoast SEO plugin v15.9.2 - https:\/\/yoast.com\/wordpress\/plugins\/seo\/ -->\n<title>Rze\u017aba w drewnie - rze\u017abiarstwo \/ snycerstwo - MebS \/ MEBLE GDA\u0143SKIE - Pracownia Rze\u017abiarska<\/title>\n<meta name=\"description\" content=\"Rze\u017aba w drewnie - je\u015bli marzysz o rze\u017abie, stworzonej dok\u0142adnie wed\u0142ug Twojego pomys\u0142u? Mistrzowie snycerstwa z Pracowni Meli MebS zaprojektuj\u0105 i wykonaj\u0105 ka\u017cdy element rze\u017abiony, jakiego sobie za\u017cyczysz.\" \/>\n<link rel=\"canonical\" href=\"https:\/\/www.meblegdanskie.pl\/sklep\/mebs\/rzezba-w-drewnie\/\" \/>\n<meta property=\"og:locale\" content=\"pl_PL\" \/>\n<meta property=\"og:type\" content=\"article\" \/>\n<meta property=\"og:title\" content=\"Rze\u017aba w drewnie - rze\u017abiarstwo \/ snycerstwo - MebS \/ MEBLE GDA\u0143SKIE - Pracownia Rze\u017abiarska\" \/>\n<meta property=\"og:description\" content=\"Rze\u017aba w drewnie - je\u015bli marzysz o rze\u017abie, stworzonej dok\u0142adnie wed\u0142ug Twojego pomys\u0142u? Mistrzowie snycerstwa z Pracowni Meli MebS zaprojektuj\u0105 i wykonaj\u0105 ka\u017cdy element rze\u017abiony, jakiego sobie za\u017cyczysz.\" \/>\n<meta property=\"og:url\" content=\"https:\/\/www.meblegdanskie.pl\/sklep\/mebs\/rzezba-w-drewnie\/\" \/>\n<meta property=\"og:site_name\" content=\"MebS \/ MEBLE GDA\u0143SKIE - Pracownia Rze\u017abiarska\" \/>\n<meta property=\"article:modified_time\" content=\"2023-01-16T12:09:01+00:00\" \/>\n<meta property=\"og:image\" content=\"https:\/\/www.meblegdanskie.pl\/sklep\/wp-content\/uploads\/2018\/03\/rzezba-w-drewnie.png\" \/>\n\t<meta property=\"og:image:width\" content=\"800\" \/>\n\t<meta property=\"og:image:height\" content=\"533\" \/>\n<meta name=\"twitter:card\" content=\"summary_large_image\" \/>\n<meta name=\"twitter:label1\" content=\"Est. reading time\">\n\t<meta name=\"twitter:data1\" content=\"2 minuty\">\n<script type=\"application\/ld+json\" class=\"yoast-schema-graph\">{\"@context\":\"https:\/\/schema.org\",\"@graph\":[{\"@type\":\"WebSite\",\"@id\":\"https:\/\/www.meblegdanskie.pl\/sklep\/#website\",\"url\":\"https:\/\/www.meblegdanskie.pl\/sklep\/\",\"name\":\"MebS \/ MEBLE GDA\\u0143SKIE - Pracownia Rze\\u017abiarska\",\"description\":\"Stylowe meble gda\\u0144skie rze\\u017abione r\\u0119cznie\",\"potentialAction\":[{\"@type\":\"SearchAction\",\"target\":\"https:\/\/www.meblegdanskie.pl\/sklep\/?s={search_term_string}\",\"query-input\":\"required name=search_term_string\"}],\"inLanguage\":\"pl-PL\"},{\"@type\":\"ImageObject\",\"@id\":\"https:\/\/www.meblegdanskie.pl\/sklep\/mebs\/rzezba-w-drewnie\/#primaryimage\",\"inLanguage\":\"pl-PL\",\"url\":\"https:\/\/www.meblegdanskie.pl\/sklep\/wp-content\/uploads\/2018\/03\/rzezba-w-drewnie.png\",\"width\":800,\"height\":533,\"caption\":\"Rze\\u017abienie na zam\\u00f3wienie\"},{\"@type\":\"WebPage\",\"@id\":\"https:\/\/www.meblegdanskie.pl\/sklep\/mebs\/rzezba-w-drewnie\/#webpage\",\"url\":\"https:\/\/www.meblegdanskie.pl\/sklep\/mebs\/rzezba-w-drewnie\/\",\"name\":\"Rze\\u017aba w drewnie - rze\\u017abiarstwo \/ snycerstwo - MebS \/ MEBLE GDA\\u0143SKIE - Pracownia Rze\\u017abiarska\",\"isPartOf\":{\"@id\":\"https:\/\/www.meblegdanskie.pl\/sklep\/#website\"},\"primaryImageOfPage\":{\"@id\":\"https:\/\/www.meblegdanskie.pl\/sklep\/mebs\/rzezba-w-drewnie\/#primaryimage\"},\"datePublished\":\"2018-03-06T19:10:26+00:00\",\"dateModified\":\"2023-01-16T12:09:01+00:00\",\"description\":\"Rze\\u017aba w drewnie - je\\u015bli marzysz o rze\\u017abie, stworzonej dok\\u0142adnie wed\\u0142ug Twojego pomys\\u0142u? Mistrzowie snycerstwa z Pracowni Meli MebS zaprojektuj\\u0105 i wykonaj\\u0105 ka\\u017cdy element rze\\u017abiony, jakiego sobie za\\u017cyczysz.\",\"breadcrumb\":{\"@id\":\"https:\/\/www.meblegdanskie.pl\/sklep\/mebs\/rzezba-w-drewnie\/#breadcrumb\"},\"inLanguage\":\"pl-PL\",\"potentialAction\":[{\"@type\":\"ReadAction\",\"target\":[\"https:\/\/www.meblegdanskie.pl\/sklep\/mebs\/rzezba-w-drewnie\/\"]}]},{\"@type\":\"BreadcrumbList\",\"@id\":\"https:\/\/www.meblegdanskie.pl\/sklep\/mebs\/rzezba-w-drewnie\/#breadcrumb\",\"itemListElement\":[{\"@type\":\"ListItem\",\"position\":1,\"item\":{\"@type\":\"WebPage\",\"@id\":\"https:\/\/www.meblegdanskie.pl\/sklep\/\",\"url\":\"https:\/\/www.meblegdanskie.pl\/sklep\/\",\"name\":\"Strona g\\u0142\\u00f3wna\"}},{\"@type\":\"ListItem\",\"position\":2,\"item\":{\"@type\":\"WebPage\",\"@id\":\"https:\/\/www.meblegdanskie.pl\/sklep\/\",\"url\":\"https:\/\/www.meblegdanskie.pl\/sklep\/\",\"name\":\"Stylowe meble &#8211; czyli jak tworzymy z Pasj\\u0105\"}},{\"@type\":\"ListItem\",\"position\":3,\"item\":{\"@type\":\"WebPage\",\"@id\":\"https:\/\/www.meblegdanskie.pl\/sklep\/mebs\/rzezba-w-drewnie\/\",\"url\":\"https:\/\/www.meblegdanskie.pl\/sklep\/mebs\/rzezba-w-drewnie\/\",\"name\":\"Rze\\u017aba w drewnie &#8211; rze\\u017abiarstwo \/ snycerstwo\"}}]}]}<\/script>\n<!-- \/ Yoast SEO plugin. -->","_links":{"self":[{"href":"https:\/\/www.meblegdanskie.pl\/sklep\/wp-json\/wp\/v2\/product\/229"}],"collection":[{"href":"https:\/\/www.meblegdanskie.pl\/sklep\/wp-json\/wp\/v2\/product"}],"about":[{"href":"https:\/\/www.meblegdanskie.pl\/sklep\/wp-json\/wp\/v2\/types\/product"}],"wp:featuredmedia":[{"embeddable":true,"href":"https:\/\/www.meblegdanskie.pl\/sklep\/wp-json\/wp\/v2\/media\/230"}],"wp:attachment":[{"href":"https:\/\/www.meblegdanskie.pl\/sklep\/wp-json\/wp\/v2\/media?parent=229"}],"curies":[{"name":"wp","href":"https:\/\/api.w.org\/{rel}","templated":true}]}}