{"id":221,"date":"2018-03-06T18:21:38","date_gmt":"2018-03-06T17:21:38","guid":{"rendered":"https:\/\/www.meblegdanskie.pl\/sklep\/?post_type=product&#038;p=221"},"modified":"2025-06-26T08:50:53","modified_gmt":"2025-06-26T06:50:53","slug":"stylowa-sofa-skorzana","status":"publish","type":"product","link":"https:\/\/www.meblegdanskie.pl\/sklep\/mebs\/stylowa-sofa-skorzana\/","title":{"rendered":"drogie meble do wypoczynku \/ stylowa sofa sk\u00f3rzana"},"content":{"rendered":"<p><strong>WYJ\u0104TKOWA SOFA SK\u00d3RZANA<\/strong> &#8211; <a href=\"https:\/\/www.meblegdanskie.pl\/0,110,narozny-zestaw-wypoczynkowy-drewniany.php\" target=\"_blank\" rel=\"noopener noreferrer\">zobacz wi\u0119cej<\/a><\/p>\n<p>Dobra kawa lub herbata, lampka koniaku, gazeta albo ksi\u0105\u017cka, w\u0142\u0105czony telewizor i oczywi\u015bcie ulubiona sk\u00f3rzana kanapa\u2026 Sposob\u00f3w na relaks jest wiele, ale istnieje jedna wsp\u00f3lna cecha, kt\u00f3ra je \u0142\u0105czy: to\u2026 miejsce! Wi\u0119kszo\u015b\u0107 z nas najskuteczniej wycisza si\u0119 w domu, w specjalnie do tego celu zaaran\u017cowanej przestrzeni. Stylowe meble do wypoczynku s\u0105 w\u0142a\u015bciwie gotowym pomys\u0142em na urz\u0105dzenie prywatnej \u201estrefy relaksu\u201d.<\/p>\n<p><em>Zapraszamy do obejrzenia prezentacji video<\/em><\/p>\n<p><iframe loading=\"lazy\" title=\"MebS \/ Meble Gda\u0144skie -  r\u0119cznie rze\u017abiony postument LWA, sk\u00f3ra naturalna, eksluzywny wypoczynek\" width=\"790\" height=\"444\" src=\"https:\/\/www.youtube.com\/embed\/Gv_h8nSJJTY?feature=oembed\" frameborder=\"0\" allow=\"accelerometer; autoplay; clipboard-write; encrypted-media; gyroscope; picture-in-picture; web-share\" referrerpolicy=\"strict-origin-when-cross-origin\" allowfullscreen><\/iframe><\/p>\n<p>W Pracowni Mebli MebS wykonywali\u015bmy meble sk\u00f3rzane w wielu wariantach, ale wielbiciele klasycznych wn\u0119trz szczeg\u00f3lnym zainteresowaniem obdarzyli kolekcj\u0119, z kt\u00f3rej pochodzi widoczna na fotografii stylowa sofa. Bardzo d\u0142ugo zastanawiamy si\u0119 zawsze, jak sprawi\u0107, by dany mebel nie tylko przyci\u0105ga\u0142 uwag\u0119 pi\u0119knymi dekoracjami, ale tak\u017ce wyr\u00f3\u017cnia\u0142 si\u0119 funkcjonalno\u015bci\u0105. Ka\u017cdy projekt dok\u0142adnie planujemy i obmy\u015blamy. W tej sk\u00f3rzanej sofie nic nie jest przypadkowe. Na pod\u0142okietnikach o odpowiednio wymodelowanym skosie mo\u017cna wygodnie si\u0119 oprze\u0107. G\u0142\u0119bokie, lekko pochylone siedzisko przynosi ulg\u0119 zm\u0119czonym plecom. Tapicerka z naturalnej sk\u00f3ry jest przyjemna w dotyku i elastyczna, ale jednocze\u015bnie odporna na odkszta\u0142cenia. Wszystkie te elementy sprawiaj\u0105, \u017ce stylowa sofa sk\u00f3rzana sprzyja wygodnemu wypoczynkowi zar\u00f3wno podczas czytania lub ogl\u0105dania TV w pozycji siedz\u0105cej, jak i podczas poobiedniej drzemki.<\/p>\n<p>O ile op\u0142ywowy projekt tapicerki nadaje meblom z tej kolekcji nowoczesny sznyt, o tyle drewniany szkielet nawi\u0105zuje w pe\u0142ni do tradycji stylu gda\u0144skiego. Ca\u0142\u0105 powierzchni\u0119 litego d\u0119bowego drewna pokrywaj\u0105 niezwykle misterne dekoracje z li\u015b\u0107mi akantu. Ich wyra\u017ana, wypuk\u0142a faktura stanowi przeciwwag\u0119 dla masywnej, czarnej tapicerki. Dzi\u0119ki zr\u00f3wnowa\u017ceniu tych dw\u00f3ch element\u00f3w kompozycji, ca\u0142y projekt wygl\u0105da harmonijnie i dostojnie. Najwa\u017cniejsz\u0105 ozdob\u0105 <a href=\"https:\/\/www.meblegdanskie.pl\/sklep\/mebs\/stylowy-wypoczynek-skorzany\/\" target=\"_blank\" rel=\"noopener noreferrer\">sk\u00f3rzanej sofy<\/a> s\u0105 jednak dwie du\u017ce, stylizowane figury lw\u00f3w.<\/p>\n<p>W Pracowni Mebli MebS wszystkie wyroby, tak\u017ce stylowe wypoczynki, wykonywane s\u0105 w ca\u0142o\u015bci r\u0119cznie. Snycerze pracuj\u0105 tradycyjnymi metodami, rze\u017abi\u0105c elementy dekoracyjne przy pomocy profesjonalnych d\u0142ut. Bardzo du\u017ca precyzja zdobie\u0144 wymaga czasu \u2013 przygotowanie jednego wyrobu zajmuje kilka miesi\u0119cy. R\u00f3wnie\u017c podczas monta\u017cu sof mistrzowie z Pracowni stosuj\u0105 metody tradycyjne: poszczeg\u00f3lne elementy \u0142\u0105cz\u0105 oni drewnianymi ko\u0142kami, dodatkowo wzmacniaj\u0105c po\u0142\u0105czenia klejem. Pod koniec prac snycerskich i stolarskich ka\u017cdy <a href=\"http:\/\/meblerzezbione.pl\/gdzie-kupic-meble-gdanskie\/219\" target=\"_blank\" rel=\"noopener noreferrer\">mebel gda\u0144ski<\/a> uzyskuje indywidualny numer i jest znakowany w niewidocznym miejscu. Ten sam numer znajduje si\u0119 r\u00f3wnie\u017c na certyfikacie autentyczno\u015bci, wydawanym przy odbiorze zam\u00f3wienia.<\/p>\n<p>Surowiec: Lite drewno d\u0119bowe + sk\u00f3ra naturalna<br \/>\nKolor: Brunat 22-25 + stonowana czer\u0144<br \/>\nMotywy dekoracyjne: w stylu gda\u0144skim \u2013 lwy, li\u015bcie akantu<br \/>\nWymiary: wys. &#8211; 100 cm, d\u0142. &#8211; 200 cm, szer. &#8211; 100 cm<br \/>\nDost\u0119pno\u015b\u0107: NA ZAM\u00d3WIENIE<br \/>\nTermin realizacji: 6-8 tygodni<\/p>\n","protected":false},"excerpt":{"rendered":"<p>Stylowa sofa to jeden z najcz\u0119\u015bciej wybieranych sk\u00f3rzanych mebli wypoczynkowych w dorobku Pracowni Mebli MebS. Zapewnia bardzo wysoki komfort relaksu, a jednocze\u015bnie zdobi wn\u0119trze. Wi\u0119cej naszych mebli na <a href=\"https:\/\/meblegdanskie.pl\/nowosci.php\">https:\/\/meblegdanskie.pl\/nowosci.php<\/a><\/p>\n","protected":false},"featured_media":224,"template":"","meta":[],"jetpack_publicize_connections":[],"yoast_head":"<!-- This site is optimized with the Yoast SEO plugin v15.9.2 - https:\/\/yoast.com\/wordpress\/plugins\/seo\/ -->\n<title>drogie meble do wypoczynku \/ stylowa sofa sk\u00f3rzana - MebS \/ MEBLE GDA\u0143SKIE - Pracownia Rze\u017abiarska<\/title>\n<meta name=\"description\" content=\"Stylowa sofa sk\u00f3rzana to jeden z najcz\u0119\u015bciej wybieranych sk\u00f3rzanych mebli wypoczynkowych w dorobku Pracowni Mebli MebS. Zapewnia bardzo wysoki komfort relaksu, a jednocze\u015bnie zdobi wn\u0119trze.\" \/>\n<link rel=\"canonical\" href=\"https:\/\/www.meblegdanskie.pl\/sklep\/mebs\/stylowa-sofa-skorzana\/\" \/>\n<meta property=\"og:locale\" content=\"pl_PL\" \/>\n<meta property=\"og:type\" content=\"article\" \/>\n<meta property=\"og:title\" content=\"drogie meble do wypoczynku \/ stylowa sofa sk\u00f3rzana - MebS \/ MEBLE GDA\u0143SKIE - Pracownia Rze\u017abiarska\" \/>\n<meta property=\"og:description\" content=\"Stylowa sofa sk\u00f3rzana to jeden z najcz\u0119\u015bciej wybieranych sk\u00f3rzanych mebli wypoczynkowych w dorobku Pracowni Mebli MebS. Zapewnia bardzo wysoki komfort relaksu, a jednocze\u015bnie zdobi wn\u0119trze.\" \/>\n<meta property=\"og:url\" content=\"https:\/\/www.meblegdanskie.pl\/sklep\/mebs\/stylowa-sofa-skorzana\/\" \/>\n<meta property=\"og:site_name\" content=\"MebS \/ MEBLE GDA\u0143SKIE - Pracownia Rze\u017abiarska\" \/>\n<meta property=\"article:modified_time\" content=\"2025-06-26T06:50:53+00:00\" \/>\n<meta property=\"og:image\" content=\"https:\/\/www.meblegdanskie.pl\/sklep\/wp-content\/uploads\/2018\/03\/skorzany-zestaw-wypoczynkowy.png\" \/>\n\t<meta property=\"og:image:width\" content=\"900\" \/>\n\t<meta property=\"og:image:height\" content=\"600\" \/>\n<meta name=\"twitter:card\" content=\"summary_large_image\" \/>\n<meta name=\"twitter:label1\" content=\"Est. reading time\">\n\t<meta name=\"twitter:data1\" content=\"2 minuty\">\n<script type=\"application\/ld+json\" class=\"yoast-schema-graph\">{\"@context\":\"https:\/\/schema.org\",\"@graph\":[{\"@type\":\"WebSite\",\"@id\":\"https:\/\/www.meblegdanskie.pl\/sklep\/#website\",\"url\":\"https:\/\/www.meblegdanskie.pl\/sklep\/\",\"name\":\"MebS \/ MEBLE GDA\\u0143SKIE - Pracownia Rze\\u017abiarska\",\"description\":\"Stylowe meble gda\\u0144skie rze\\u017abione r\\u0119cznie\",\"potentialAction\":[{\"@type\":\"SearchAction\",\"target\":\"https:\/\/www.meblegdanskie.pl\/sklep\/?s={search_term_string}\",\"query-input\":\"required name=search_term_string\"}],\"inLanguage\":\"pl-PL\"},{\"@type\":\"ImageObject\",\"@id\":\"https:\/\/www.meblegdanskie.pl\/sklep\/mebs\/stylowa-sofa-skorzana\/#primaryimage\",\"inLanguage\":\"pl-PL\",\"url\":\"https:\/\/www.meblegdanskie.pl\/sklep\/wp-content\/uploads\/2018\/03\/skorzany-zestaw-wypoczynkowy.png\",\"width\":900,\"height\":600,\"caption\":\"stylowe wypoczynki\"},{\"@type\":\"WebPage\",\"@id\":\"https:\/\/www.meblegdanskie.pl\/sklep\/mebs\/stylowa-sofa-skorzana\/#webpage\",\"url\":\"https:\/\/www.meblegdanskie.pl\/sklep\/mebs\/stylowa-sofa-skorzana\/\",\"name\":\"drogie meble do wypoczynku \/ stylowa sofa sk\\u00f3rzana - MebS \/ MEBLE GDA\\u0143SKIE - Pracownia Rze\\u017abiarska\",\"isPartOf\":{\"@id\":\"https:\/\/www.meblegdanskie.pl\/sklep\/#website\"},\"primaryImageOfPage\":{\"@id\":\"https:\/\/www.meblegdanskie.pl\/sklep\/mebs\/stylowa-sofa-skorzana\/#primaryimage\"},\"datePublished\":\"2018-03-06T17:21:38+00:00\",\"dateModified\":\"2025-06-26T06:50:53+00:00\",\"description\":\"Stylowa sofa sk\\u00f3rzana to jeden z najcz\\u0119\\u015bciej wybieranych sk\\u00f3rzanych mebli wypoczynkowych w dorobku Pracowni Mebli MebS. Zapewnia bardzo wysoki komfort relaksu, a jednocze\\u015bnie zdobi wn\\u0119trze.\",\"breadcrumb\":{\"@id\":\"https:\/\/www.meblegdanskie.pl\/sklep\/mebs\/stylowa-sofa-skorzana\/#breadcrumb\"},\"inLanguage\":\"pl-PL\",\"potentialAction\":[{\"@type\":\"ReadAction\",\"target\":[\"https:\/\/www.meblegdanskie.pl\/sklep\/mebs\/stylowa-sofa-skorzana\/\"]}]},{\"@type\":\"BreadcrumbList\",\"@id\":\"https:\/\/www.meblegdanskie.pl\/sklep\/mebs\/stylowa-sofa-skorzana\/#breadcrumb\",\"itemListElement\":[{\"@type\":\"ListItem\",\"position\":1,\"item\":{\"@type\":\"WebPage\",\"@id\":\"https:\/\/www.meblegdanskie.pl\/sklep\/\",\"url\":\"https:\/\/www.meblegdanskie.pl\/sklep\/\",\"name\":\"Strona g\\u0142\\u00f3wna\"}},{\"@type\":\"ListItem\",\"position\":2,\"item\":{\"@type\":\"WebPage\",\"@id\":\"https:\/\/www.meblegdanskie.pl\/sklep\/\",\"url\":\"https:\/\/www.meblegdanskie.pl\/sklep\/\",\"name\":\"Stylowe meble &#8211; czyli jak tworzymy z Pasj\\u0105\"}},{\"@type\":\"ListItem\",\"position\":3,\"item\":{\"@type\":\"WebPage\",\"@id\":\"https:\/\/www.meblegdanskie.pl\/sklep\/mebs\/stylowa-sofa-skorzana\/\",\"url\":\"https:\/\/www.meblegdanskie.pl\/sklep\/mebs\/stylowa-sofa-skorzana\/\",\"name\":\"drogie meble do wypoczynku \/ stylowa sofa sk\\u00f3rzana\"}}]}]}<\/script>\n<!-- \/ Yoast SEO plugin. -->","_links":{"self":[{"href":"https:\/\/www.meblegdanskie.pl\/sklep\/wp-json\/wp\/v2\/product\/221"}],"collection":[{"href":"https:\/\/www.meblegdanskie.pl\/sklep\/wp-json\/wp\/v2\/product"}],"about":[{"href":"https:\/\/www.meblegdanskie.pl\/sklep\/wp-json\/wp\/v2\/types\/product"}],"wp:featuredmedia":[{"embeddable":true,"href":"https:\/\/www.meblegdanskie.pl\/sklep\/wp-json\/wp\/v2\/media\/224"}],"wp:attachment":[{"href":"https:\/\/www.meblegdanskie.pl\/sklep\/wp-json\/wp\/v2\/media?parent=221"}],"curies":[{"name":"wp","href":"https:\/\/api.w.org\/{rel}","templated":true}]}}